{"id":2923,"date":"2022-10-03T14:38:07","date_gmt":"2022-10-03T14:38:07","guid":{"rendered":"https:\/\/greenkeyuruguay.org\/?page_id=2923"},"modified":"2022-10-03T16:51:32","modified_gmt":"2022-10-03T16:51:32","slug":"calculadora-huella-hidrica","status":"publish","type":"page","link":"https:\/\/greenkeyuruguay.org\/index.php\/calculadora-huella-hidrica\/","title":{"rendered":"Calculadora Huella H\u00eddrica"},"content":{"rendered":"\t\t<div data-elementor-type=\"wp-page\" data-elementor-id=\"2923\" class=\"elementor elementor-2923\" data-elementor-settings=\"[]\">\n\t\t\t\t\t\t<div class=\"elementor-inner\">\n\t\t\t\t\t\t\t<div class=\"elementor-section-wrap\">\n\t\t\t\t\t\t\t<section class=\"elementor-section elementor-top-section elementor-element elementor-element-37d2a4f elementor-section-height-min-height elementor-section-content-bottom elementor-section-items-bottom elementor-section-boxed elementor-section-height-default\" data-id=\"37d2a4f\" data-element_type=\"section\" data-settings=\"{&quot;background_background&quot;:&quot;classic&quot;}\">\n\t\t\t\t\t\t\t<div class=\"elementor-background-overlay\"><\/div>\n\t\t\t\t\t\t\t<div class=\"elementor-container elementor-column-gap-no\">\n\t\t\t\t\t\t\t<div class=\"elementor-row\">\n\t\t\t\t\t<div class=\"elementor-column elementor-col-100 elementor-top-column elementor-element elementor-element-559220c\" data-id=\"559220c\" data-element_type=\"column\">\n\t\t\t<div class=\"elementor-column-wrap elementor-element-populated\">\n\t\t\t\t\t\t\t<div class=\"elementor-widget-wrap\">\n\t\t\t\t\t\t<div class=\"elementor-element elementor-element-78206bf elementor-widget elementor-widget-heading\" data-id=\"78206bf\" data-element_type=\"widget\" data-widget_type=\"heading.default\">\n\t\t\t\t<div class=\"elementor-widget-container\">\n\t\t\t<h1 class=\"elementor-heading-title elementor-size-default\">Huella de Hidr\u00edca<\/h1>\t\t<\/div>\n\t\t\t\t<\/div>\n\t\t\t\t\t\t<\/div>\n\t\t\t\t\t<\/div>\n\t\t<\/div>\n\t\t\t\t\t\t\t\t<\/div>\n\t\t\t\t\t<\/div>\n\t\t<\/section>\n\t\t\t\t<section class=\"elementor-section elementor-top-section elementor-element elementor-element-600e4bd elementor-section-boxed elementor-section-height-default elementor-section-height-default\" data-id=\"600e4bd\" data-element_type=\"section\">\n\t\t\t\t\t\t<div class=\"elementor-container elementor-column-gap-default\">\n\t\t\t\t\t\t\t<div class=\"elementor-row\">\n\t\t\t\t\t<div class=\"elementor-column elementor-col-100 elementor-top-column elementor-element elementor-element-a711412\" data-id=\"a711412\" data-element_type=\"column\">\n\t\t\t<div class=\"elementor-column-wrap elementor-element-populated\">\n\t\t\t\t\t\t\t<div class=\"elementor-widget-wrap\">\n\t\t\t\t\t\t<div class=\"elementor-element elementor-element-b2eeeee elementor-widget elementor-widget-heading\" data-id=\"b2eeeee\" data-element_type=\"widget\" data-widget_type=\"heading.default\">\n\t\t\t\t<div class=\"elementor-widget-container\">\n\t\t\t<h2 class=\"elementor-heading-title elementor-size-default\"><br><br>Calculadora<\/h2>\t\t<\/div>\n\t\t\t\t<\/div>\n\t\t\t\t\t\t<\/div>\n\t\t\t\t\t<\/div>\n\t\t<\/div>\n\t\t\t\t\t\t\t\t<\/div>\n\t\t\t\t\t<\/div>\n\t\t<\/section>\n\t\t\t\t<section class=\"elementor-section elementor-top-section elementor-element elementor-element-300e6ff elementor-section-content-middle elementor-section-height-min-height elementor-section-boxed elementor-section-height-default elementor-section-items-middle\" data-id=\"300e6ff\" data-element_type=\"section\">\n\t\t\t\t\t\t<div class=\"elementor-container elementor-column-gap-default\">\n\t\t\t\t\t\t\t<div class=\"elementor-row\">\n\t\t\t\t\t<div class=\"elementor-column elementor-col-50 elementor-top-column elementor-element elementor-element-48db2ba\" data-id=\"48db2ba\" data-element_type=\"column\">\n\t\t\t<div class=\"elementor-column-wrap elementor-element-populated\">\n\t\t\t\t\t\t\t<div class=\"elementor-widget-wrap\">\n\t\t\t\t\t\t<div class=\"elementor-element elementor-element-0304e6f elementor-widget elementor-widget-image\" data-id=\"0304e6f\" data-element_type=\"widget\" data-widget_type=\"image.default\">\n\t\t\t\t<div class=\"elementor-widget-container\">\n\t\t\t\t\t\t\t\t<div class=\"elementor-image\">\n\t\t\t\t\t\t\t\t\t\t\t\t<img loading=\"lazy\" decoding=\"async\" width=\"150\" height=\"150\" src=\"https:\/\/greenkeyuruguay.org\/wp-content\/uploads\/2022\/10\/podcast_huella_hi\u0301drica-1024x629-1-150x150.jpg\" class=\"attachment-thumbnail size-thumbnail\" alt=\"\" \/>\t\t\t\t\t\t\t\t\t\t\t\t\t\t<\/div>\n\t\t\t\t\t\t<\/div>\n\t\t\t\t<\/div>\n\t\t\t\t\t\t<\/div>\n\t\t\t\t\t<\/div>\n\t\t<\/div>\n\t\t\t\t<div class=\"elementor-column elementor-col-50 elementor-top-column elementor-element elementor-element-4454c01\" data-id=\"4454c01\" data-element_type=\"column\">\n\t\t\t<div class=\"elementor-column-wrap elementor-element-populated\">\n\t\t\t\t\t\t\t<div class=\"elementor-widget-wrap\">\n\t\t\t\t\t\t<div class=\"elementor-element elementor-element-e741ff4 elementor-widget elementor-widget-text-editor\" data-id=\"e741ff4\" data-element_type=\"widget\" data-widget_type=\"text-editor.default\">\n\t\t\t\t<div class=\"elementor-widget-container\">\n\t\t\t\t\t\t\t\t<div class=\"elementor-text-editor elementor-clearfix\">\n\t\t\t\t\t<div>\n<p>Si es un hotel u otro tipo de alojamiento, puede calcular su huella h\u00eddrica utilizando esta herramienta.Esta calculadora sigue la herramienta \u00abHotel Water Measurement Initiative\u00bb (HWMI) desarrollada por la International Tourism Partnership (ITP).<\/p>\n<p>Para calcular la huella h\u00eddrica de su alojamiento, siga los siguientes pasos:<\/p>\n<h5 class=\"name\">1. Informaci\u00f3n Necesaria<\/h5>\n<p>Para poder llevar a cabo el c\u00e1lculo de la huella h\u00eddrica se necesita la siguiente informaci\u00f3n:<\/p>\n<ul>\n<li>&nbsp;Metros cuadrados totales de construcci\u00f3n (m<sup>2<\/sup>).<\/li>\n<li>&nbsp;Metros cuadrados de \u00e1rea de habitaciones (m<sup>2<\/sup>).<\/li>\n<li>&nbsp;Metros cuadrados de \u00e1reas de conferencias (m<sup>2<\/sup>).<\/li>\n<li>&nbsp;Metros cuadrados totales de \u00e1reas de tiendas y spa (m<sup>2<\/sup>).<\/li>\n<li>&nbsp;Total de habitaciones.<\/li>\n<li>&nbsp;Total de habitaciones ocupadas en el per\u00edodo a calcular.<\/li>\n<li>&nbsp;Consumo total de agua del establecimiento (litros).<\/li>\n<li>&nbsp;Si la lavander\u00eda se realiza de manera externa el tonelaje total del per\u00edodo a calcular (m<sup>3<\/sup>).<\/li>\n<li>&nbsp;Si se tienen grandes \u00e1reas verdes, las semanas y el \u00e1rea de riego (m<sup>2<\/sup>) o la cantidad de agua reutilizada o de captaci\u00f3n pluvial (litros).<\/li>\n<li>&nbsp;N\u00famero total de sanitarios en su alojamiento usando agua reutilizada o de captaci\u00f3n pluvial (litros).<\/li>\n<\/ul>\n<h5 class=\"name\">2. Calcule su huella h\u00eddrica<\/h5>\n<p>Haga clic en iniciar para comenzar con la captura de los datos de su establecimiento.<br>La calculadora arrojar\u00e1 los siguientes datos:<\/p>\n<ul>\n<li>&nbsp;El uso total de agua para el per\u00edodo (litros).<\/li>\n<li>&nbsp;El consumo de agua por habitaci\u00f3n ocupada diariamente (litros).<\/li>\n<li>&nbsp;El uso de agua por \u00e1rea de conferencia y banquetes por hora (litros).<\/li>\n<\/ul>\n<p><br><\/p>\n<\/div>\t\t\t\t\t<\/div>\n\t\t\t\t\t\t<\/div>\n\t\t\t\t<\/div>\n\t\t\t\t\t\t<\/div>\n\t\t\t\t\t<\/div>\n\t\t<\/div>\n\t\t\t\t\t\t\t\t<\/div>\n\t\t\t\t\t<\/div>\n\t\t<\/section>\n\t\t\t\t<section class=\"elementor-section elementor-top-section elementor-element elementor-element-0f98cb6 elementor-section-boxed elementor-section-height-default elementor-section-height-default\" data-id=\"0f98cb6\" data-element_type=\"section\">\n\t\t\t\t\t\t<div class=\"elementor-container elementor-column-gap-default\">\n\t\t\t\t\t\t\t<div class=\"elementor-row\">\n\t\t\t\t\t<div class=\"elementor-column elementor-col-100 elementor-top-column elementor-element elementor-element-e834220\" data-id=\"e834220\" data-element_type=\"column\">\n\t\t\t<div class=\"elementor-column-wrap elementor-element-populated\">\n\t\t\t\t\t\t\t<div class=\"elementor-widget-wrap\">\n\t\t\t\t\t\t<div class=\"elementor-element elementor-element-600c7b0 elementor-align-center elementor-widget elementor-widget-button\" data-id=\"600c7b0\" data-element_type=\"widget\" data-widget_type=\"button.default\">\n\t\t\t\t<div class=\"elementor-widget-container\">\n\t\t\t\t\t<div class=\"elementor-button-wrapper\">\n\t\t\t<a href=\"https:\/\/sustainablehospitalityalliance.org\/resource\/hotel-water-measurement-initiative\/\" class=\"elementor-button-link elementor-button elementor-size-sm\" role=\"button\">\n\t\t\t\t\t\t<span class=\"elementor-button-content-wrapper\">\n\t\t\t\t\t\t<span class=\"elementor-button-text\">INICIAR AQU\u00cd<\/span>\n\t\t<\/span>\n\t\t\t\t\t<\/a>\n\t\t<\/div>\n\t\t\t\t<\/div>\n\t\t\t\t<\/div>\n\t\t\t\t\t\t<\/div>\n\t\t\t\t\t<\/div>\n\t\t<\/div>\n\t\t\t\t\t\t\t\t<\/div>\n\t\t\t\t\t<\/div>\n\t\t<\/section>\n\t\t\t\t<section class=\"elementor-section elementor-top-section elementor-element elementor-element-66dec94 elementor-section-boxed elementor-section-height-default elementor-section-height-default\" data-id=\"66dec94\" data-element_type=\"section\">\n\t\t\t\t\t\t<div class=\"elementor-container elementor-column-gap-default\">\n\t\t\t\t\t\t\t<div class=\"elementor-row\">\n\t\t\t\t\t<div class=\"elementor-column elementor-col-100 elementor-top-column elementor-element elementor-element-37a6e01\" data-id=\"37a6e01\" data-element_type=\"column\">\n\t\t\t<div class=\"elementor-column-wrap elementor-element-populated\">\n\t\t\t\t\t\t\t<div class=\"elementor-widget-wrap\">\n\t\t\t\t\t\t<div class=\"elementor-element elementor-element-d8caf31 elementor-widget elementor-widget-spacer\" data-id=\"d8caf31\" data-element_type=\"widget\" data-widget_type=\"spacer.default\">\n\t\t\t\t<div class=\"elementor-widget-container\">\n\t\t\t\t\t<div class=\"elementor-spacer\">\n\t\t\t<div class=\"elementor-spacer-inner\"><\/div>\n\t\t<\/div>\n\t\t\t\t<\/div>\n\t\t\t\t<\/div>\n\t\t\t\t\t\t<\/div>\n\t\t\t\t\t<\/div>\n\t\t<\/div>\n\t\t\t\t\t\t\t\t<\/div>\n\t\t\t\t\t<\/div>\n\t\t<\/section>\n\t\t\t\t\t\t<\/div>\n\t\t\t\t\t\t<\/div>\n\t\t\t\t\t<\/div>\n\t\t","protected":false},"excerpt":{"rendered":"<p>Huella de Hidr\u00edca Calculadora Si es un hotel u otro tipo de alojamiento, puede calcular su huella h\u00eddrica utilizando esta herramienta.Esta calculadora sigue la herramienta \u00abHotel Water Measurement Initiative\u00bb (HWMI) desarrollada por la International Tourism Partnership (ITP). Para calcular la huella h\u00eddrica de su alojamiento, siga los siguientes pasos: 1. Informaci\u00f3n Necesaria Para poder llevar &hellip;<\/p>\n<p class=\"read-more\"> <a class=\"\" href=\"https:\/\/greenkeyuruguay.org\/index.php\/calculadora-huella-hidrica\/\"> <span class=\"screen-reader-text\">Calculadora Huella H\u00eddrica<\/span> Leer m\u00e1s &raquo;<\/a><\/p>\n","protected":false},"author":1,"featured_media":0,"parent":0,"menu_order":0,"comment_status":"closed","ping_status":"closed","template":"","meta":{"om_disable_all_campaigns":false,"_monsterinsights_skip_tracking":false,"_monsterinsights_sitenote_active":false,"_monsterinsights_sitenote_note":"","_monsterinsights_sitenote_category":0,"_joinchat":[],"footnotes":""},"class_list":["post-2923","page","type-page","status-publish","hentry"],"_links":{"self":[{"href":"https:\/\/greenkeyuruguay.org\/index.php\/wp-json\/wp\/v2\/pages\/2923","targetHints":{"allow":["GET"]}}],"collection":[{"href":"https:\/\/greenkeyuruguay.org\/index.php\/wp-json\/wp\/v2\/pages"}],"about":[{"href":"https:\/\/greenkeyuruguay.org\/index.php\/wp-json\/wp\/v2\/types\/page"}],"author":[{"embeddable":true,"href":"https:\/\/greenkeyuruguay.org\/index.php\/wp-json\/wp\/v2\/users\/1"}],"replies":[{"embeddable":true,"href":"https:\/\/greenkeyuruguay.org\/index.php\/wp-json\/wp\/v2\/comments?post=2923"}],"version-history":[{"count":7,"href":"https:\/\/greenkeyuruguay.org\/index.php\/wp-json\/wp\/v2\/pages\/2923\/revisions"}],"predecessor-version":[{"id":2942,"href":"https:\/\/greenkeyuruguay.org\/index.php\/wp-json\/wp\/v2\/pages\/2923\/revisions\/2942"}],"wp:attachment":[{"href":"https:\/\/greenkeyuruguay.org\/index.php\/wp-json\/wp\/v2\/media?parent=2923"}],"curies":[{"name":"wp","href":"https:\/\/api.w.org\/{rel}","templated":true}]}}