{"id":2772,"date":"2022-09-26T19:34:41","date_gmt":"2022-09-26T19:34:41","guid":{"rendered":"https:\/\/greenkeyuruguay.org\/?page_id=2772"},"modified":"2022-09-27T12:01:37","modified_gmt":"2022-09-27T12:01:37","slug":"historia","status":"publish","type":"page","link":"https:\/\/greenkeyuruguay.org\/index.php\/historia\/","title":{"rendered":"Historia"},"content":{"rendered":"\t\t<div data-elementor-type=\"wp-page\" data-elementor-id=\"2772\" class=\"elementor elementor-2772\" data-elementor-settings=\"[]\">\n\t\t\t\t\t\t<div class=\"elementor-inner\">\n\t\t\t\t\t\t\t<div class=\"elementor-section-wrap\">\n\t\t\t\t\t\t\t<section class=\"elementor-section elementor-top-section elementor-element elementor-element-37d2a4f elementor-section-height-min-height elementor-section-content-bottom elementor-section-items-bottom elementor-section-boxed elementor-section-height-default\" data-id=\"37d2a4f\" data-element_type=\"section\" data-settings=\"{&quot;background_background&quot;:&quot;classic&quot;}\">\n\t\t\t\t\t\t\t<div class=\"elementor-background-overlay\"><\/div>\n\t\t\t\t\t\t\t<div class=\"elementor-container elementor-column-gap-no\">\n\t\t\t\t\t\t\t<div class=\"elementor-row\">\n\t\t\t\t\t<div class=\"elementor-column elementor-col-100 elementor-top-column elementor-element elementor-element-559220c\" data-id=\"559220c\" data-element_type=\"column\">\n\t\t\t<div class=\"elementor-column-wrap elementor-element-populated\">\n\t\t\t\t\t\t\t<div class=\"elementor-widget-wrap\">\n\t\t\t\t\t\t<div class=\"elementor-element elementor-element-78206bf elementor-widget elementor-widget-heading\" data-id=\"78206bf\" data-element_type=\"widget\" data-widget_type=\"heading.default\">\n\t\t\t\t<div class=\"elementor-widget-container\">\n\t\t\t<h1 class=\"elementor-heading-title elementor-size-default\">Historia<\/h1>\t\t<\/div>\n\t\t\t\t<\/div>\n\t\t\t\t\t\t<\/div>\n\t\t\t\t\t<\/div>\n\t\t<\/div>\n\t\t\t\t\t\t\t\t<\/div>\n\t\t\t\t\t<\/div>\n\t\t<\/section>\n\t\t\t\t<section class=\"elementor-section elementor-top-section elementor-element elementor-element-600e4bd elementor-section-boxed elementor-section-height-default elementor-section-height-default\" data-id=\"600e4bd\" data-element_type=\"section\">\n\t\t\t\t\t\t<div class=\"elementor-container elementor-column-gap-default\">\n\t\t\t\t\t\t\t<div class=\"elementor-row\">\n\t\t\t\t\t<div class=\"elementor-column elementor-col-100 elementor-top-column elementor-element elementor-element-a711412\" data-id=\"a711412\" data-element_type=\"column\">\n\t\t\t<div class=\"elementor-column-wrap elementor-element-populated\">\n\t\t\t\t\t\t\t<div class=\"elementor-widget-wrap\">\n\t\t\t\t\t\t<div class=\"elementor-element elementor-element-b2eeeee elementor-widget elementor-widget-heading\" data-id=\"b2eeeee\" data-element_type=\"widget\" data-widget_type=\"heading.default\">\n\t\t\t\t<div class=\"elementor-widget-container\">\n\t\t\t<h2 class=\"elementor-heading-title elementor-size-default\"><br>Nuestra Historia<\/h2>\t\t<\/div>\n\t\t\t\t<\/div>\n\t\t\t\t\t\t<\/div>\n\t\t\t\t\t<\/div>\n\t\t<\/div>\n\t\t\t\t\t\t\t\t<\/div>\n\t\t\t\t\t<\/div>\n\t\t<\/section>\n\t\t\t\t<section class=\"elementor-section elementor-top-section elementor-element elementor-element-78d7eb55 elementor-section-content-middle elementor-section-height-min-height elementor-section-boxed elementor-section-height-default elementor-section-items-middle\" data-id=\"78d7eb55\" data-element_type=\"section\">\n\t\t\t\t\t\t<div class=\"elementor-container elementor-column-gap-default\">\n\t\t\t\t\t\t\t<div class=\"elementor-row\">\n\t\t\t\t\t<div class=\"elementor-column elementor-col-50 elementor-top-column elementor-element elementor-element-66ebf2b\" data-id=\"66ebf2b\" data-element_type=\"column\">\n\t\t\t<div class=\"elementor-column-wrap elementor-element-populated\">\n\t\t\t\t\t\t\t<div class=\"elementor-widget-wrap\">\n\t\t\t\t\t\t<div class=\"elementor-element elementor-element-878f1d3 elementor-widget elementor-widget-image\" data-id=\"878f1d3\" data-element_type=\"widget\" data-widget_type=\"image.default\">\n\t\t\t\t<div class=\"elementor-widget-container\">\n\t\t\t\t\t\t\t\t<div class=\"elementor-image\">\n\t\t\t\t\t\t\t\t\t\t\t\t<img loading=\"lazy\" decoding=\"async\" width=\"557\" height=\"415\" src=\"https:\/\/greenkeyuruguay.org\/wp-content\/uploads\/2022\/09\/GreenKey25years.png\" class=\"attachment-large size-large\" alt=\"\" srcset=\"https:\/\/greenkeyuruguay.org\/wp-content\/uploads\/2022\/09\/GreenKey25years.png 557w, https:\/\/greenkeyuruguay.org\/wp-content\/uploads\/2022\/09\/GreenKey25years-300x224.png 300w\" sizes=\"auto, (max-width: 557px) 100vw, 557px\" \/>\t\t\t\t\t\t\t\t\t\t\t\t\t\t<\/div>\n\t\t\t\t\t\t<\/div>\n\t\t\t\t<\/div>\n\t\t\t\t\t\t<\/div>\n\t\t\t\t\t<\/div>\n\t\t<\/div>\n\t\t\t\t<div class=\"elementor-column elementor-col-50 elementor-top-column elementor-element elementor-element-72dd3544\" data-id=\"72dd3544\" data-element_type=\"column\">\n\t\t\t<div class=\"elementor-column-wrap elementor-element-populated\">\n\t\t\t\t\t\t\t<div class=\"elementor-widget-wrap\">\n\t\t\t\t\t\t<div class=\"elementor-element elementor-element-4ae60cbc elementor-widget elementor-widget-text-editor\" data-id=\"4ae60cbc\" data-element_type=\"widget\" data-widget_type=\"text-editor.default\">\n\t\t\t\t<div class=\"elementor-widget-container\">\n\t\t\t\t\t\t\t\t<div class=\"elementor-text-editor elementor-clearfix\">\n\t\t\t\t\t<div><p>La etiqueta ecol\u00f3gica Green Key para instalaciones tur\u00edsticas existe desde hace m\u00e1s de 25 a\u00f1os y ha pasado de ser una iniciativa nacional en Dinamarca a convertirse en la principal etiqueta ecol\u00f3gica del mundo para alojamientos.<\/p><p>A continuaci\u00f3n encontrar\u00e1 algunas fechas importantes en relaci\u00f3n con la historia de Green Key:<\/p><\/div><div>\u00a0<\/div>\t\t\t\t\t<\/div>\n\t\t\t\t\t\t<\/div>\n\t\t\t\t<\/div>\n\t\t\t\t\t\t<\/div>\n\t\t\t\t\t<\/div>\n\t\t<\/div>\n\t\t\t\t\t\t\t\t<\/div>\n\t\t\t\t\t<\/div>\n\t\t<\/section>\n\t\t\t\t<section class=\"elementor-section elementor-top-section elementor-element elementor-element-1d3326f elementor-section-content-middle elementor-section-boxed elementor-section-height-default elementor-section-height-default\" data-id=\"1d3326f\" data-element_type=\"section\">\n\t\t\t\t\t\t<div class=\"elementor-container elementor-column-gap-no\">\n\t\t\t\t\t\t\t<div class=\"elementor-row\">\n\t\t\t\t\t<div class=\"elementor-column elementor-col-50 elementor-top-column elementor-element elementor-element-e4f2b43\" data-id=\"e4f2b43\" data-element_type=\"column\">\n\t\t\t<div class=\"elementor-column-wrap\">\n\t\t\t\t\t\t\t<div class=\"elementor-widget-wrap\">\n\t\t\t\t\t\t\t\t<\/div>\n\t\t\t\t\t<\/div>\n\t\t<\/div>\n\t\t\t\t<div class=\"elementor-column elementor-col-50 elementor-top-column elementor-element elementor-element-8e74f5f\" data-id=\"8e74f5f\" data-element_type=\"column\">\n\t\t\t<div class=\"elementor-column-wrap elementor-element-populated\">\n\t\t\t\t\t\t\t<div class=\"elementor-widget-wrap\">\n\t\t\t\t\t\t<div class=\"elementor-element elementor-element-359053f elementor-widget elementor-widget-text-editor\" data-id=\"359053f\" data-element_type=\"widget\" data-widget_type=\"text-editor.default\">\n\t\t\t\t<div class=\"elementor-widget-container\">\n\t\t\t\t\t\t\t\t<div class=\"elementor-text-editor elementor-clearfix\">\n\t\t\t\t\t<div><p>1994: Lanzamiento de Green Key en Dinamarca por parte de HORESTA (Asociaci\u00f3n de la industria hotelera, gastron\u00f3mica y tur\u00edstica de Dinamarca), el Consejo Dan\u00e9s de Actividades al Aire Libre y la Asociaci\u00f3n de Ejecutivos de Turismo de Dinamarca.<\/p><p>\u00a0<\/p><p>1998: La FEEE de Francia cre\u00f3 un programa Clef Verte basado en el programa dan\u00e9s Green Key.<\/p><p>\u00a0<\/p><p>2000: HORESTA exporta el concepto Green Key a Suecia, Estonia y Groenlandia.<\/p><p>\u00a0<\/p><p>2002: Green Key fue aprobado formalmente como programa internacional de la Fundaci\u00f3n para la Educaci\u00f3n Ambiental (FEE), y el programa Green Key se ofreci\u00f3 a todas las organizaciones miembros de la FEE para su aplicaci\u00f3n.<\/p><p>\u00a0<\/p><p>2010: Green Key pas\u00f3 a ser elegible para los hoteles de las cadenas hoteleras internacionales, lo que permiti\u00f3 a Green Key International gestionar hoteles de cadenas hoteleras internacionales tambi\u00e9n en pa\u00edses sin operadores nacionales de Green Key.<\/p><p>\u00a0<\/p><p>2014: Green Key pas\u00f3 a ser elegible para todos los establecimientos solicitantes, lo que permiti\u00f3 a Green Key International gestionar establecimientos en pa\u00edses sin Operadores Nacionales de Green Key. En la mayor\u00eda de los casos, un auditor externo se encarga de las auditor\u00edas.<\/p><p>\u00a0<\/p><p>2016: Los criterios de Green Key son reconocidos por el GSTC (Consejo Global de Turismo Sostenible)<\/p><p>\u00a0<\/p><p>2020: Green Key es recomendada como etiqueta ecol\u00f3gica por HOTREC (Asociaci\u00f3n de Hoteles, Restaurantes y Caf\u00e9s de Europa)<\/p><p>\u00a0<\/p><p>2021: Se publican los nuevos criterios\/notas explicativas de Green Key para 2022-2025.<\/p><p>\u00a0<\/p><p>\u00a0<\/p><p>Green Key Dinamarca ha preparado un documento que describe la historia de Green Key y que puede descargarse aqu\u00ed como documento (archivo pdf, se abre en una nueva ventana).<\/p><\/div><div>\u00a0<\/div>\t\t\t\t\t<\/div>\n\t\t\t\t\t\t<\/div>\n\t\t\t\t<\/div>\n\t\t\t\t\t\t<\/div>\n\t\t\t\t\t<\/div>\n\t\t<\/div>\n\t\t\t\t\t\t\t\t<\/div>\n\t\t\t\t\t<\/div>\n\t\t<\/section>\n\t\t\t\t\t\t<\/div>\n\t\t\t\t\t\t<\/div>\n\t\t\t\t\t<\/div>\n\t\t","protected":false},"excerpt":{"rendered":"<p>Historia Nuestra Historia La etiqueta ecol\u00f3gica Green Key para instalaciones tur\u00edsticas existe desde hace m\u00e1s de 25 a\u00f1os y ha pasado de ser una iniciativa nacional en Dinamarca a convertirse en la principal etiqueta ecol\u00f3gica del mundo para alojamientos. A continuaci\u00f3n encontrar\u00e1 algunas fechas importantes en relaci\u00f3n con la historia de Green Key: \u00a0 1994: &hellip;<\/p>\n<p class=\"read-more\"> <a class=\"\" href=\"https:\/\/greenkeyuruguay.org\/index.php\/historia\/\"> <span class=\"screen-reader-text\">Historia<\/span> Leer m\u00e1s &raquo;<\/a><\/p>\n","protected":false},"author":1,"featured_media":0,"parent":0,"menu_order":0,"comment_status":"closed","ping_status":"closed","template":"","meta":{"om_disable_all_campaigns":false,"_monsterinsights_skip_tracking":false,"_monsterinsights_sitenote_active":false,"_monsterinsights_sitenote_note":"","_monsterinsights_sitenote_category":0,"_joinchat":[],"footnotes":""},"class_list":["post-2772","page","type-page","status-publish","hentry"],"_links":{"self":[{"href":"https:\/\/greenkeyuruguay.org\/index.php\/wp-json\/wp\/v2\/pages\/2772","targetHints":{"allow":["GET"]}}],"collection":[{"href":"https:\/\/greenkeyuruguay.org\/index.php\/wp-json\/wp\/v2\/pages"}],"about":[{"href":"https:\/\/greenkeyuruguay.org\/index.php\/wp-json\/wp\/v2\/types\/page"}],"author":[{"embeddable":true,"href":"https:\/\/greenkeyuruguay.org\/index.php\/wp-json\/wp\/v2\/users\/1"}],"replies":[{"embeddable":true,"href":"https:\/\/greenkeyuruguay.org\/index.php\/wp-json\/wp\/v2\/comments?post=2772"}],"version-history":[{"count":30,"href":"https:\/\/greenkeyuruguay.org\/index.php\/wp-json\/wp\/v2\/pages\/2772\/revisions"}],"predecessor-version":[{"id":2861,"href":"https:\/\/greenkeyuruguay.org\/index.php\/wp-json\/wp\/v2\/pages\/2772\/revisions\/2861"}],"wp:attachment":[{"href":"https:\/\/greenkeyuruguay.org\/index.php\/wp-json\/wp\/v2\/media?parent=2772"}],"curies":[{"name":"wp","href":"https:\/\/api.w.org\/{rel}","templated":true}]}}