{"id":1697,"date":"2020-07-14T09:55:08","date_gmt":"2020-07-14T09:55:08","guid":{"rendered":"http:\/\/greenkeyuruguay.org\/index.php\/about-us\/"},"modified":"2022-09-27T12:02:21","modified_gmt":"2022-09-27T12:02:21","slug":"nosotros","status":"publish","type":"page","link":"https:\/\/greenkeyuruguay.org\/index.php\/nosotros\/","title":{"rendered":"Nosotros"},"content":{"rendered":"\t\t<div data-elementor-type=\"wp-page\" data-elementor-id=\"1697\" class=\"elementor elementor-1697\" data-elementor-settings=\"[]\">\n\t\t\t\t\t\t<div class=\"elementor-inner\">\n\t\t\t\t\t\t\t<div class=\"elementor-section-wrap\">\n\t\t\t\t\t\t\t<section class=\"elementor-section elementor-top-section elementor-element elementor-element-7654b20 elementor-section-height-min-height elementor-section-content-bottom elementor-section-items-bottom elementor-section-boxed elementor-section-height-default\" data-id=\"7654b20\" data-element_type=\"section\" data-settings=\"{&quot;background_background&quot;:&quot;classic&quot;}\">\n\t\t\t\t\t\t\t<div class=\"elementor-background-overlay\"><\/div>\n\t\t\t\t\t\t\t<div class=\"elementor-container elementor-column-gap-no\">\n\t\t\t\t\t\t\t<div class=\"elementor-row\">\n\t\t\t\t\t<div class=\"elementor-column elementor-col-100 elementor-top-column elementor-element elementor-element-84ecc6e\" data-id=\"84ecc6e\" data-element_type=\"column\">\n\t\t\t<div class=\"elementor-column-wrap elementor-element-populated\">\n\t\t\t\t\t\t\t<div class=\"elementor-widget-wrap\">\n\t\t\t\t\t\t<div class=\"elementor-element elementor-element-6b189d5 elementor-widget elementor-widget-heading\" data-id=\"6b189d5\" data-element_type=\"widget\" data-widget_type=\"heading.default\">\n\t\t\t\t<div class=\"elementor-widget-container\">\n\t\t\t<h1 class=\"elementor-heading-title elementor-size-default\">El Programa<\/h1>\t\t<\/div>\n\t\t\t\t<\/div>\n\t\t\t\t\t\t<\/div>\n\t\t\t\t\t<\/div>\n\t\t<\/div>\n\t\t\t\t\t\t\t\t<\/div>\n\t\t\t\t\t<\/div>\n\t\t<\/section>\n\t\t\t\t<section class=\"elementor-section elementor-top-section elementor-element elementor-element-37c6f20b elementor-section-content-middle elementor-section-boxed elementor-section-height-default elementor-section-height-default\" data-id=\"37c6f20b\" data-element_type=\"section\">\n\t\t\t\t\t\t<div class=\"elementor-container elementor-column-gap-default\">\n\t\t\t\t\t\t\t<div class=\"elementor-row\">\n\t\t\t\t\t<div class=\"elementor-column elementor-col-33 elementor-top-column elementor-element elementor-element-295912a0\" data-id=\"295912a0\" data-element_type=\"column\">\n\t\t\t<div class=\"elementor-column-wrap elementor-element-populated\">\n\t\t\t\t\t\t\t<div class=\"elementor-widget-wrap\">\n\t\t\t\t\t\t<div class=\"elementor-element elementor-element-5bbd4f17 elementor-widget elementor-widget-image\" data-id=\"5bbd4f17\" data-element_type=\"widget\" data-widget_type=\"image.default\">\n\t\t\t\t<div class=\"elementor-widget-container\">\n\t\t\t\t\t\t\t\t<div class=\"elementor-image\">\n\t\t\t\t\t\t\t\t\t\t\t\t<img loading=\"lazy\" decoding=\"async\" width=\"200\" height=\"252\" src=\"https:\/\/greenkeyuruguay.org\/wp-content\/uploads\/2021\/10\/logo-GK-1.png\" class=\"attachment-2048x2048 size-2048x2048\" alt=\"\" \/>\t\t\t\t\t\t\t\t\t\t\t\t\t\t<\/div>\n\t\t\t\t\t\t<\/div>\n\t\t\t\t<\/div>\n\t\t\t\t\t\t<\/div>\n\t\t\t\t\t<\/div>\n\t\t<\/div>\n\t\t\t\t<div class=\"elementor-column elementor-col-66 elementor-top-column elementor-element elementor-element-32402db7\" data-id=\"32402db7\" data-element_type=\"column\">\n\t\t\t<div class=\"elementor-column-wrap elementor-element-populated\">\n\t\t\t\t\t\t\t<div class=\"elementor-widget-wrap\">\n\t\t\t\t\t\t<div class=\"elementor-element elementor-element-4ccdba2 elementor-widget elementor-widget-text-editor\" data-id=\"4ccdba2\" data-element_type=\"widget\" data-widget_type=\"text-editor.default\">\n\t\t\t\t<div class=\"elementor-widget-container\">\n\t\t\t\t\t\t\t\t<div class=\"elementor-text-editor elementor-clearfix\">\n\t\t\t\t\t<p class=\"name\"><span style=\"font-style: inherit; font-weight: inherit; letter-spacing: 0px;\">El distintivo Green Key es un est\u00e1ndar l\u00edder en el campo de la sostenibilidad dentro de la industria de la hoteler\u00eda. Este prestigioso distintivo representa el compromiso de la industria con el cumplimiento de estrictos criterios internacionales establecidos por la Fundaci\u00f3n para la Educaci\u00f3n Ambiental (FEE). Green Key representa compromiso para la mitigaci\u00f3n derivada de las actividades y operaci\u00f3n en la hoteler\u00eda.<\/span><\/p><p>Para ver un breve video de introducci\u00f3n a Green Key, haga clic en la imagen a continuaci\u00f3n:<\/p>\t\t\t\t\t<\/div>\n\t\t\t\t\t\t<\/div>\n\t\t\t\t<\/div>\n\t\t\t\t\t\t<\/div>\n\t\t\t\t\t<\/div>\n\t\t<\/div>\n\t\t\t\t\t\t\t\t<\/div>\n\t\t\t\t\t<\/div>\n\t\t<\/section>\n\t\t\t\t<section class=\"elementor-section elementor-top-section elementor-element elementor-element-9d66fea elementor-section-boxed elementor-section-height-default elementor-section-height-default\" data-id=\"9d66fea\" data-element_type=\"section\">\n\t\t\t\t\t\t<div class=\"elementor-container elementor-column-gap-default\">\n\t\t\t\t\t\t\t<div class=\"elementor-row\">\n\t\t\t\t\t<div class=\"elementor-column elementor-col-33 elementor-top-column elementor-element elementor-element-db68d5a\" data-id=\"db68d5a\" data-element_type=\"column\">\n\t\t\t<div class=\"elementor-column-wrap\">\n\t\t\t\t\t\t\t<div class=\"elementor-widget-wrap\">\n\t\t\t\t\t\t\t\t<\/div>\n\t\t\t\t\t<\/div>\n\t\t<\/div>\n\t\t\t\t<div class=\"elementor-column elementor-col-66 elementor-top-column elementor-element elementor-element-f63e956\" data-id=\"f63e956\" data-element_type=\"column\">\n\t\t\t<div class=\"elementor-column-wrap elementor-element-populated\">\n\t\t\t\t\t\t\t<div class=\"elementor-widget-wrap\">\n\t\t\t\t\t\t<div class=\"elementor-element elementor-element-77970cb elementor-aspect-ratio-169 elementor-widget elementor-widget-video\" data-id=\"77970cb\" data-element_type=\"widget\" data-settings=\"{&quot;youtube_url&quot;:&quot;https:\\\/\\\/www.youtube.com\\\/watch?v=o3DF3U_4Cls&quot;,&quot;video_type&quot;:&quot;youtube&quot;,&quot;controls&quot;:&quot;yes&quot;,&quot;aspect_ratio&quot;:&quot;169&quot;}\" data-widget_type=\"video.default\">\n\t\t\t\t<div class=\"elementor-widget-container\">\n\t\t\t\t\t<div class=\"elementor-wrapper elementor-fit-aspect-ratio elementor-open-inline\">\n\t\t\t<div class=\"elementor-video\"><\/div>\t\t<\/div>\n\t\t\t\t<\/div>\n\t\t\t\t<\/div>\n\t\t\t\t\t\t<\/div>\n\t\t\t\t\t<\/div>\n\t\t<\/div>\n\t\t\t\t\t\t\t\t<\/div>\n\t\t\t\t\t<\/div>\n\t\t<\/section>\n\t\t\t\t<section class=\"elementor-section elementor-top-section elementor-element elementor-element-a3515a8 elementor-section-boxed elementor-section-height-default elementor-section-height-default\" data-id=\"a3515a8\" data-element_type=\"section\">\n\t\t\t\t\t\t<div class=\"elementor-container elementor-column-gap-default\">\n\t\t\t\t\t\t\t<div class=\"elementor-row\">\n\t\t\t\t\t<div class=\"elementor-column elementor-col-33 elementor-top-column elementor-element elementor-element-026e12f\" data-id=\"026e12f\" data-element_type=\"column\">\n\t\t\t<div class=\"elementor-column-wrap\">\n\t\t\t\t\t\t\t<div class=\"elementor-widget-wrap\">\n\t\t\t\t\t\t\t\t<\/div>\n\t\t\t\t\t<\/div>\n\t\t<\/div>\n\t\t\t\t<div class=\"elementor-column elementor-col-66 elementor-top-column elementor-element elementor-element-12e3196\" data-id=\"12e3196\" data-element_type=\"column\">\n\t\t\t<div class=\"elementor-column-wrap elementor-element-populated\">\n\t\t\t\t\t\t\t<div class=\"elementor-widget-wrap\">\n\t\t\t\t\t\t<div class=\"elementor-element elementor-element-054030d elementor-widget elementor-widget-text-editor\" data-id=\"054030d\" data-element_type=\"widget\" data-widget_type=\"text-editor.default\">\n\t\t\t\t<div class=\"elementor-widget-container\">\n\t\t\t\t\t\t\t\t<div class=\"elementor-text-editor elementor-clearfix\">\n\t\t\t\t\t<div class=\"wgs-content\"><p class=\"name\"><strong><span style=\"color: #008000;\">Educar<\/span><\/strong><\/p><p><span style=\"color: #008000;\">Nos enfocamos en informar e involucrar a los hu\u00e9spedes sobre las medidas ambientalmente responsables que son tomadas por los hoteles para ser m\u00e1s sostenibles. Tambi\u00e9n nos aseguramos de que el personal que trabaja en el establecimiento est\u00e9 bien informado y capacitado en los campos de las pr\u00e1cticas sostenibles y ambientalmente responsables.<\/span><\/p><p class=\"name\"><strong><span style=\"color: #008000;\">Innovar<\/span><\/strong><\/p><p><span style=\"color: #008000;\">Green Key busca constantemente nuevos y sostenibles m\u00e9todos de operaci\u00f3n y uso de la tecnolog\u00eda para reducir la huella ambiental a trav\u00e9s del ahorro de energ\u00eda, agua y disminuci\u00f3n en la producci\u00f3n de residuos. El cambio ayuda a los establecimientos involucrados en ahorrar costos.<\/span><\/p><p class=\"name\"><strong><span style=\"color: #008000;\">A\u00f1adir Valor<\/span><\/strong><\/p><p><span style=\"color: #008000;\">Los distintivos ambientales son cada vez m\u00e1s importantes para los viajeros para decidir d\u00f3nde hospedarse. Green Key simboliza un compromiso con el medio ambiente y el desarrollo sostenible lo cual, hoy por hoy es un parteaguas para los hu\u00e9spedes potenciales.<\/span><\/p><p class=\"name\"><strong><span style=\"color: #008000;\">Promover<\/span><\/strong><\/p><p><span style=\"color: #008000;\">Despu\u00e9s de lograr obtener el distintivo Green Key, los establecimientos pueden utilizarlo para demostrar su compromiso ambiental y de sostenibilidad.<\/span><\/p><p class=\"name\"><strong><span style=\"color: #008000;\">Nuestros Objetivos<\/span><\/strong><\/p><p><span style=\"color: #008000;\">Green Key tiene como objetivo:<\/span><\/p><p><span style=\"color: #008000;\">\u2022 Incrementar m\u00e9todos de operaci\u00f3n y tecnolog\u00eda ambientalmente responsable y sostenible, con la finalidad de reducir el uso general de los recursos.<\/span><\/p><p><span style=\"color: #008000;\">\u2022 Sensibilizar y crear cambios de comportamiento en los hu\u00e9spedes, el personal y los proveedores de establecimientos tur\u00edsticos.<\/span><\/p><p><span style=\"color: #008000;\">\u2022 Incrementar el uso de m\u00e9todos sostenibles y ambientalmente responsables para crear conciencia en la industria de la hoteler\u00eda y el turismo en general.<\/span><\/p><p class=\"name\"><span style=\"color: #008000;\">Green Key y los Objetivos de Desarrollo Sostenible<\/span><\/p><p><span style=\"color: #008000;\">Green Key es un est\u00e1ndar l\u00edder de excelencia en el campo del turismo sostenible, que gu\u00eda a los establecimientos tur\u00edsticos a hacer su parte en el logro de los 17 Objetivos de Desarrollo Sostenible establecidos por la ONU<\/span><\/p><\/div><div class=\"content row\"><div class=\"feature-row feature-service-row feature-s1 hover-fill row\"><div class=\"feature boxed bg-primary\">\u00a0<\/div><p class=\"col-md-3 col-sm-6 col-xs-6 even\">\u00a0<\/p><\/div><\/div>\t\t\t\t\t<\/div>\n\t\t\t\t\t\t<\/div>\n\t\t\t\t<\/div>\n\t\t\t\t\t\t<\/div>\n\t\t\t\t\t<\/div>\n\t\t<\/div>\n\t\t\t\t\t\t\t\t<\/div>\n\t\t\t\t\t<\/div>\n\t\t<\/section>\n\t\t\t\t<section class=\"elementor-section elementor-top-section elementor-element elementor-element-21a76d5 elementor-section-boxed elementor-section-height-default elementor-section-height-default\" data-id=\"21a76d5\" data-element_type=\"section\">\n\t\t\t\t\t\t<div class=\"elementor-container elementor-column-gap-default\">\n\t\t\t\t\t\t\t<div class=\"elementor-row\">\n\t\t\t\t\t<div class=\"elementor-column elementor-col-33 elementor-top-column elementor-element elementor-element-65651aa\" data-id=\"65651aa\" data-element_type=\"column\">\n\t\t\t<div class=\"elementor-column-wrap\">\n\t\t\t\t\t\t\t<div class=\"elementor-widget-wrap\">\n\t\t\t\t\t\t\t\t<\/div>\n\t\t\t\t\t<\/div>\n\t\t<\/div>\n\t\t\t\t<div class=\"elementor-column elementor-col-66 elementor-top-column elementor-element elementor-element-848deb8\" data-id=\"848deb8\" data-element_type=\"column\">\n\t\t\t<div class=\"elementor-column-wrap elementor-element-populated\">\n\t\t\t\t\t\t\t<div class=\"elementor-widget-wrap\">\n\t\t\t\t\t\t<div class=\"elementor-element elementor-element-35c28c6 elementor-widget elementor-widget-image\" data-id=\"35c28c6\" data-element_type=\"widget\" data-widget_type=\"image.default\">\n\t\t\t\t<div class=\"elementor-widget-container\">\n\t\t\t\t\t\t\t\t<div class=\"elementor-image\">\n\t\t\t\t\t\t\t\t\t\t\t\t<img loading=\"lazy\" decoding=\"async\" width=\"730\" height=\"450\" src=\"https:\/\/greenkeyuruguay.org\/wp-content\/uploads\/2022\/09\/ODS.png\" class=\"attachment-large size-large\" alt=\"\" srcset=\"https:\/\/greenkeyuruguay.org\/wp-content\/uploads\/2022\/09\/ODS.png 730w, https:\/\/greenkeyuruguay.org\/wp-content\/uploads\/2022\/09\/ODS-300x185.png 300w\" sizes=\"auto, (max-width: 730px) 100vw, 730px\" \/>\t\t\t\t\t\t\t\t\t\t\t\t\t\t<\/div>\n\t\t\t\t\t\t<\/div>\n\t\t\t\t<\/div>\n\t\t\t\t\t\t<\/div>\n\t\t\t\t\t<\/div>\n\t\t<\/div>\n\t\t\t\t\t\t\t\t<\/div>\n\t\t\t\t\t<\/div>\n\t\t<\/section>\n\t\t\t\t<section class=\"elementor-section elementor-top-section elementor-element elementor-element-8302389 elementor-section-boxed elementor-section-height-default elementor-section-height-default\" data-id=\"8302389\" data-element_type=\"section\" data-settings=\"{&quot;background_background&quot;:&quot;classic&quot;}\">\n\t\t\t\t\t\t<div class=\"elementor-container elementor-column-gap-no\">\n\t\t\t\t\t\t\t<div class=\"elementor-row\">\n\t\t\t\t\t<div class=\"elementor-column elementor-col-100 elementor-top-column elementor-element elementor-element-94a5ef6\" data-id=\"94a5ef6\" data-element_type=\"column\">\n\t\t\t<div class=\"elementor-column-wrap elementor-element-populated\">\n\t\t\t\t\t\t\t<div class=\"elementor-widget-wrap\">\n\t\t\t\t\t\t<div class=\"elementor-element elementor-element-322c7a4 elementor-widget elementor-widget-heading\" data-id=\"322c7a4\" data-element_type=\"widget\" data-widget_type=\"heading.default\">\n\t\t\t\t<div class=\"elementor-widget-container\">\n\t\t\t<h6 class=\"elementor-heading-title elementor-size-default\">Nuestros patrocinadores<\/h6>\t\t<\/div>\n\t\t\t\t<\/div>\n\t\t\t\t<div class=\"elementor-element elementor-element-09c3e55 elementor-widget elementor-widget-image-carousel\" data-id=\"09c3e55\" data-element_type=\"widget\" data-settings=\"{&quot;slides_to_show&quot;:&quot;5&quot;,&quot;slides_to_scroll&quot;:&quot;1&quot;,&quot;navigation&quot;:&quot;none&quot;,&quot;image_spacing_custom&quot;:{&quot;unit&quot;:&quot;px&quot;,&quot;size&quot;:2,&quot;sizes&quot;:[]},&quot;slides_to_show_tablet&quot;:&quot;3&quot;,&quot;slides_to_show_mobile&quot;:&quot;2&quot;,&quot;autoplay&quot;:&quot;yes&quot;,&quot;pause_on_hover&quot;:&quot;yes&quot;,&quot;pause_on_interaction&quot;:&quot;yes&quot;,&quot;autoplay_speed&quot;:5000,&quot;infinite&quot;:&quot;yes&quot;,&quot;speed&quot;:500}\" data-widget_type=\"image-carousel.default\">\n\t\t\t\t<div class=\"elementor-widget-container\">\n\t\t\t\t\t<div class=\"elementor-image-carousel-wrapper swiper-container\" dir=\"ltr\">\n\t\t\t<div class=\"elementor-image-carousel swiper-wrapper\">\n\t\t\t\t<div class=\"swiper-slide\"><a data-elementor-open-lightbox=\"yes\" data-elementor-lightbox-slideshow=\"09c3e55\" data-elementor-lightbox-title=\"carta de la tierra\" href=\"#\"><figure class=\"swiper-slide-inner\"><img decoding=\"async\" class=\"swiper-slide-image\" src=\"https:\/\/greenkeyuruguay.org\/wp-content\/uploads\/2021\/05\/carta-de-la-tierra-150x150.jpeg\" alt=\"carta de la tierra\" \/><\/figure><\/a><\/div><div class=\"swiper-slide\"><a data-elementor-open-lightbox=\"yes\" data-elementor-lightbox-slideshow=\"09c3e55\" data-elementor-lightbox-title=\"unep\" href=\"#\"><figure class=\"swiper-slide-inner\"><img decoding=\"async\" class=\"swiper-slide-image\" src=\"https:\/\/greenkeyuruguay.org\/wp-content\/uploads\/2022\/09\/unep-150x150.png\" alt=\"unep\" \/><\/figure><\/a><\/div><div class=\"swiper-slide\"><a data-elementor-open-lightbox=\"yes\" data-elementor-lightbox-slideshow=\"09c3e55\" data-elementor-lightbox-title=\"UNWTO\" href=\"#\"><figure class=\"swiper-slide-inner\"><img decoding=\"async\" class=\"swiper-slide-image\" src=\"https:\/\/greenkeyuruguay.org\/wp-content\/uploads\/2022\/09\/UNWTO-150x150.jpeg\" alt=\"UNWTO\" \/><\/figure><\/a><\/div><div class=\"swiper-slide\"><a data-elementor-open-lightbox=\"yes\" data-elementor-lightbox-slideshow=\"09c3e55\" data-elementor-lightbox-title=\"image-asset\" href=\"#\"><figure class=\"swiper-slide-inner\"><img decoding=\"async\" class=\"swiper-slide-image\" src=\"https:\/\/greenkeyuruguay.org\/wp-content\/uploads\/2021\/05\/image-asset-150x150.png\" alt=\"image-asset\" \/><\/figure><\/a><\/div><div class=\"swiper-slide\"><a data-elementor-open-lightbox=\"yes\" data-elementor-lightbox-slideshow=\"09c3e55\" data-elementor-lightbox-title=\"University+Surrey\" href=\"#\"><figure class=\"swiper-slide-inner\"><img decoding=\"async\" class=\"swiper-slide-image\" src=\"https:\/\/greenkeyuruguay.org\/wp-content\/uploads\/2022\/09\/UniversitySurrey-150x89.png\" alt=\"University+Surrey\" \/><\/figure><\/a><\/div><div class=\"swiper-slide\"><a data-elementor-open-lightbox=\"yes\" data-elementor-lightbox-slideshow=\"09c3e55\" data-elementor-lightbox-title=\"EKOenergy_logo\" href=\"#\"><figure class=\"swiper-slide-inner\"><img decoding=\"async\" class=\"swiper-slide-image\" src=\"https:\/\/greenkeyuruguay.org\/wp-content\/uploads\/2022\/09\/EKOenergy_logo-150x105.jpeg\" alt=\"EKOenergy_logo\" \/><\/figure><\/a><\/div><div class=\"swiper-slide\"><a data-elementor-open-lightbox=\"yes\" data-elementor-lightbox-slideshow=\"09c3e55\" data-elementor-lightbox-title=\"Caribbean+Hotel+and+Tourism+Association\" href=\"#\"><figure class=\"swiper-slide-inner\"><img decoding=\"async\" class=\"swiper-slide-image\" src=\"https:\/\/greenkeyuruguay.org\/wp-content\/uploads\/2022\/09\/CaribbeanHotelandTourismAssociation-150x102.png\" alt=\"Caribbean+Hotel+and+Tourism+Association\" \/><\/figure><\/a><\/div>\t\t\t<\/div>\n\t\t\t\t\t\t\t\t\t\t\t\t\t\t\t\t<\/div>\n\t\t\t\t<\/div>\n\t\t\t\t<\/div>\n\t\t\t\t\t\t<\/div>\n\t\t\t\t\t<\/div>\n\t\t<\/div>\n\t\t\t\t\t\t\t\t<\/div>\n\t\t\t\t\t<\/div>\n\t\t<\/section>\n\t\t\t\t\t\t<\/div>\n\t\t\t\t\t\t<\/div>\n\t\t\t\t\t<\/div>\n\t\t","protected":false},"excerpt":{"rendered":"<p>El Programa El distintivo Green Key es un est\u00e1ndar l\u00edder en el campo de la sostenibilidad dentro de la industria de la hoteler\u00eda. Este prestigioso distintivo representa el compromiso de la industria con el cumplimiento de estrictos criterios internacionales establecidos por la Fundaci\u00f3n para la Educaci\u00f3n Ambiental (FEE). Green Key representa compromiso para la mitigaci\u00f3n &hellip;<\/p>\n<p class=\"read-more\"> <a class=\"\" href=\"https:\/\/greenkeyuruguay.org\/index.php\/nosotros\/\"> <span class=\"screen-reader-text\">Nosotros<\/span> Leer m\u00e1s &raquo;<\/a><\/p>\n","protected":false},"author":1,"featured_media":0,"parent":0,"menu_order":0,"comment_status":"closed","ping_status":"closed","template":"","meta":{"om_disable_all_campaigns":false,"_monsterinsights_skip_tracking":false,"_monsterinsights_sitenote_active":false,"_monsterinsights_sitenote_note":"","_monsterinsights_sitenote_category":0,"_joinchat":[],"footnotes":""},"class_list":["post-1697","page","type-page","status-publish","hentry"],"_links":{"self":[{"href":"https:\/\/greenkeyuruguay.org\/index.php\/wp-json\/wp\/v2\/pages\/1697","targetHints":{"allow":["GET"]}}],"collection":[{"href":"https:\/\/greenkeyuruguay.org\/index.php\/wp-json\/wp\/v2\/pages"}],"about":[{"href":"https:\/\/greenkeyuruguay.org\/index.php\/wp-json\/wp\/v2\/types\/page"}],"author":[{"embeddable":true,"href":"https:\/\/greenkeyuruguay.org\/index.php\/wp-json\/wp\/v2\/users\/1"}],"replies":[{"embeddable":true,"href":"https:\/\/greenkeyuruguay.org\/index.php\/wp-json\/wp\/v2\/comments?post=1697"}],"version-history":[{"count":130,"href":"https:\/\/greenkeyuruguay.org\/index.php\/wp-json\/wp\/v2\/pages\/1697\/revisions"}],"predecessor-version":[{"id":2864,"href":"https:\/\/greenkeyuruguay.org\/index.php\/wp-json\/wp\/v2\/pages\/1697\/revisions\/2864"}],"wp:attachment":[{"href":"https:\/\/greenkeyuruguay.org\/index.php\/wp-json\/wp\/v2\/media?parent=1697"}],"curies":[{"name":"wp","href":"https:\/\/api.w.org\/{rel}","templated":true}]}}